{"id":10,"date":"2023-12-11T11:59:25","date_gmt":"2023-12-11T11:59:25","guid":{"rendered":"https:\/\/erasmusplus.scoalaborca.ro\/2023\/?page_id=10"},"modified":"2024-01-22T08:48:58","modified_gmt":"2024-01-22T08:48:58","slug":"prezentare-proiect","status":"publish","type":"page","link":"https:\/\/erasmusplus.scoalaborca.ro\/2023\/","title":{"rendered":"Prezentare proiect"},"content":{"rendered":"\n<p><strong><em>Proiect Erasmus+ nr. 2023-1-RO01-KA122-VET-000139969- \u201dPreg\u0103tire IT la firme europene\u201d<\/em><\/strong><\/p>\n\n\n\n<p><strong><em>FINAN\u021aAT DE UNIUNEA EUROPEAN\u0102<\/em><\/strong><\/p>\n\n\n\n<p><strong><em>Perioada de implementare<\/em><\/strong><strong>:&nbsp;1 octombrie 2023 \u2013 30 noiembrie 2024<\/strong><\/p>\n\n\n\n<p><strong><em>Buget<\/em><\/strong><strong>:&nbsp;<\/strong>95.316&nbsp;EURO<\/p>\n\n\n\n<p><em><strong>Scopul proiectului<\/strong><\/em><strong><em>:<\/em><\/strong><strong>&nbsp;&nbsp;cre\u0219terea calit\u0103\u021bii form\u0103rii profesionale ini\u021biale \u00een domeniul IT, a competentelor cheie \u0219i dezvoltarea comportamentelor responsabile fa\u021b\u0103 de mediu a elevilor de la&nbsp; specializarea matematic\u0103-informatic\u0103, prin intermediul&nbsp; stagiilor de preg\u0103tire practic\u0103 profesional\u0103, desf\u0103\u0219urate la firme din UE.<\/strong><\/p>\n\n\n\n<p><strong><em>Grupul \u021bint\u0103<\/em><\/strong><strong>:&nbsp;elevii de la clasele a X-a \u0219i a XI-a, specializarea matematic\u0103-informatic\u0103&nbsp;<\/strong><\/p>\n\n\n\n<p><em><strong>Parteneri<\/strong><\/em><strong>:&nbsp;Rivensco Consulting LTD din Cipru \u0219i Asocia\u021bia Intercultural\u0103 MobilityFriends din Portugalia. Cu sprijinul acestora&nbsp; se vor organiza mobilit\u0103\u021bi \u0219i stagii de practic\u0103 la firme de IT din cele dou\u0103 \u021b\u0103ri, pentru 30 de elevi.<\/strong><\/p>\n\n\n\n<p><strong>Activit\u0103\u021bile desf\u0103\u0219urate \u00een timpul celor 3 s\u0103pt\u0103m\u00e2ni de mobilit\u0103\u021bi interna\u021bionale \u0219i \u00een perioada post-mobilit\u0103\u021bi, vor oferi elevilor posibilitatea de a-\u0219i dezvolta competen\u021bele profesionale \u0219i abilit\u0103\u021bile practice \u00een domeniul IT, de a-\u0219i&nbsp;\u00eembun\u0103t\u0103\u021bi competen\u021bele cheie \u0219i de a-\u0219i dezvolta comportamente responsabile fa\u021b\u0103 de mediu, prin schimbarea atitudinii fa\u021b\u0103 de consumul resurselor naturale \u0219i fa\u021b\u0103 de gestionarea de\u0219eurilor din gospod\u0103riile proprii.<\/strong><\/p>\n\n\n\n<p><strong><em>Echipa de gestiune proiect<\/em><\/strong><strong><em>:<\/em><\/strong><\/p>\n\n\n\n<p><strong>-coordonator proiect: prof.Caraz\u0103 Gheorghe<\/strong><\/p>\n\n\n\n<p><strong>-responsabil evaluare: prof.Amariei Vasile<\/strong><\/p>\n\n\n\n<p><strong>-responsabil monitorizare: prof.Chiril\u0103 Liliana<\/strong><\/p>\n\n\n\n<p><strong>-responsabil selec\u021bie \u0219i formare: prof.Sabie \u0218tefan<\/strong><\/p>\n\n\n\n<p><strong>-responsabil diseminare: prof.\u021aebrean Anca-M\u0103d\u0103lina<\/strong><\/p>\n\n\n\n<p><strong>-responsabil financiar: contabil Luca Maria<\/strong><\/p>\n","protected":false},"excerpt":{"rendered":"<p>Proiect Erasmus+ nr. 2023-1-RO01-KA122-VET-000139969- \u201dPreg\u0103tire IT la firme europene\u201d FINAN\u021aAT DE UNIUNEA EUROPEAN\u0102 Perioada de implementare:&nbsp;1 octombrie 2023 \u2013 30 noiembrie 2024 Buget:&nbsp;95.316&nbsp;EURO Scopul proiectului:&nbsp;&nbsp;cre\u0219terea calit\u0103\u021bii form\u0103rii profesionale ini\u021biale \u00een domeniul IT, a competentelor cheie \u0219i dezvoltarea comportamentelor responsabile fa\u021b\u0103 de mediu a elevilor de la&nbsp; specializarea matematic\u0103-informatic\u0103, prin intermediul&nbsp; stagiilor de preg\u0103tire practic\u0103 profesional\u0103,&#8230;<\/p>\n<p class=\"more-link-wrap\"><a href=\"https:\/\/erasmusplus.scoalaborca.ro\/2023\/\" class=\"more-link\">Read More<span class=\"screen-reader-text\"> &ldquo;Prezentare proiect&rdquo;<\/span> &raquo;<\/a><\/p>\n","protected":false},"author":1,"featured_media":0,"parent":0,"menu_order":0,"comment_status":"closed","ping_status":"closed","template":"","meta":{"footnotes":""},"class_list":["post-10","page","type-page","status-publish","hentry"],"_links":{"self":[{"href":"https:\/\/erasmusplus.scoalaborca.ro\/2023\/wp-json\/wp\/v2\/pages\/10","targetHints":{"allow":["GET"]}}],"collection":[{"href":"https:\/\/erasmusplus.scoalaborca.ro\/2023\/wp-json\/wp\/v2\/pages"}],"about":[{"href":"https:\/\/erasmusplus.scoalaborca.ro\/2023\/wp-json\/wp\/v2\/types\/page"}],"author":[{"embeddable":true,"href":"https:\/\/erasmusplus.scoalaborca.ro\/2023\/wp-json\/wp\/v2\/users\/1"}],"replies":[{"embeddable":true,"href":"https:\/\/erasmusplus.scoalaborca.ro\/2023\/wp-json\/wp\/v2\/comments?post=10"}],"version-history":[{"count":2,"href":"https:\/\/erasmusplus.scoalaborca.ro\/2023\/wp-json\/wp\/v2\/pages\/10\/revisions"}],"predecessor-version":[{"id":109,"href":"https:\/\/erasmusplus.scoalaborca.ro\/2023\/wp-json\/wp\/v2\/pages\/10\/revisions\/109"}],"wp:attachment":[{"href":"https:\/\/erasmusplus.scoalaborca.ro\/2023\/wp-json\/wp\/v2\/media?parent=10"}],"curies":[{"name":"wp","href":"https:\/\/api.w.org\/{rel}","templated":true}]}}